{"id":1328,"date":"2020-05-06T18:06:11","date_gmt":"2020-05-06T18:06:11","guid":{"rendered":"http:\/\/www.redsealmeasurement.com\/?page_id=1328"},"modified":"2020-05-06T18:06:11","modified_gmt":"2020-05-06T18:06:11","slug":"news-2","status":"publish","type":"page","link":"https:\/\/www.redsealmeasurement.com\/es\/news-2\/","title":{"rendered":"Noticias"},"content":{"rendered":"<ul class=\"lcp_catlist\" id=\"lcp_instance_0\"><li><a href=\"https:\/\/www.redsealmeasurement.com\/es\/veeder-root-registers-now-available-on-atc-dispenser-meters\/\">Veeder Root Registers Now Available on ATC Dispenser Meters<\/a><div class=\"lcp_excerpt\">We are pleased to announce that we are now able to provide Veeder-Root registers on 4D-MD dispenser registers equipped with mechanical ATC.\nFor new meter orders:\nChoose PIC code 9 in the Mounting Hardware feature for the adapter, then add the appropriate code for the register. Usually this will be code VA for the USG\/tenths register &#8212; ...<\/div><\/li><li><a href=\"https:\/\/www.redsealmeasurement.com\/es\/best-dispenser-meter-now-even-better\/\">El Mejor Medidor para Dispensador Ahora es A\u00fan Mejor<\/a><div class=\"lcp_excerpt\">\nEl medidor Neptune 4 DMD ha sido durante mucho tiempo el est\u00e1ndar de precisi\u00f3n y fiabilidad en aplicaciones de dispensaci\u00f3n de GLP. En Red Seal Measurement, valoramos las sugerencias de nuestros clientes para la mejora del producto. Sobre la base en  los comentarios y experiencias en el  campo, hemos identificado varias modificaciones en pro de  mejorar el rendimiento y la durabilidad de la 4D-MD, y despu\u00e9s de una evaluaci\u00f3n rigurosa.<\/div><\/li><\/ul>","protected":false},"excerpt":{"rendered":"","protected":false},"author":7,"featured_media":0,"parent":0,"menu_order":0,"comment_status":"closed","ping_status":"closed","template":"sidebar-no-hero.php","meta":{"footnotes":""},"class_list":["post-1328","page","type-page","status-publish","hentry"],"_links":{"self":[{"href":"https:\/\/www.redsealmeasurement.com\/es\/wp-json\/wp\/v2\/pages\/1328"}],"collection":[{"href":"https:\/\/www.redsealmeasurement.com\/es\/wp-json\/wp\/v2\/pages"}],"about":[{"href":"https:\/\/www.redsealmeasurement.com\/es\/wp-json\/wp\/v2\/types\/page"}],"author":[{"embeddable":true,"href":"https:\/\/www.redsealmeasurement.com\/es\/wp-json\/wp\/v2\/users\/7"}],"replies":[{"embeddable":true,"href":"https:\/\/www.redsealmeasurement.com\/es\/wp-json\/wp\/v2\/comments?post=1328"}],"version-history":[{"count":2,"href":"https:\/\/www.redsealmeasurement.com\/es\/wp-json\/wp\/v2\/pages\/1328\/revisions"}],"predecessor-version":[{"id":1333,"href":"https:\/\/www.redsealmeasurement.com\/es\/wp-json\/wp\/v2\/pages\/1328\/revisions\/1333"}],"wp:attachment":[{"href":"https:\/\/www.redsealmeasurement.com\/es\/wp-json\/wp\/v2\/media?parent=1328"}],"curies":[{"name":"wp","href":"https:\/\/api.w.org\/{rel}","templated":true}]}}