{"id":23,"date":"2017-11-13T17:42:27","date_gmt":"2017-11-13T17:42:27","guid":{"rendered":"\/?page_id=23"},"modified":"2021-07-26T19:58:47","modified_gmt":"2021-07-26T19:58:47","slug":"nutating-disc-meter","status":"publish","type":"page","link":"https:\/\/www.redsealmeasurement.com\/es\/technology\/nutating-disc-meter\/","title":{"rendered":"Medidor de Disco Nutante"},"content":{"rendered":"<p><img loading=\"lazy\" decoding=\"async\" class=\"alignnone wp-image-239 size-full\" src=\"\/wp-content\/uploads\/2017\/11\/type-s-animation.gif\" alt=\"\" width=\"600\" height=\"363\" \/><\/p>\n<p>Los medidores de Neptuno Tipo S son medidores de disco de nutating, el tipo m\u00e1s com\u00fan de medidor de desplazamiento positivo. Tambi\u00e9n llamado medidor de \"placa de oscilaci\u00f3n\", un medidor de disco nutante incorpora un elemento de medici\u00f3n compuesto por un disco plano alrededor de una bola central.<\/p>\n<p>Este elemento encaja dentro de una c\u00e1mara de medici\u00f3n con lados redondeados que le permiten pivotar. A medida que el l\u00edquido fluye a trav\u00e9s de la c\u00e1mara, el disco se tuerce, o se tambalea, en un patr\u00f3n regular, haciendo que el eje unido al disco gire en un patr\u00f3n c\u00f3nico. El movimiento circular del extremo de este eje acciona el tren de engranajes del medidor.<\/p>","protected":false},"excerpt":{"rendered":"<p>Neptune Type S meters are nutating disc meters, the most common type of positive displacement meter. Also called a \u201cwobble-plate\u201d meter, a nutating disc meter incorporates a measuring element comprised of a flat disc around a central ball. This element fits inside a measuring chamber with rounded sides that allow it to pivot. As liquid &hellip; <a href=\"https:\/\/www.redsealmeasurement.com\/es\/technology\/nutating-disc-meter\/\" class=\"more-link\">Sigue leyendo <span class=\"screen-reader-text\">Medidor de Disco Nutante<\/span><\/a><\/p>","protected":false},"author":1,"featured_media":0,"parent":10,"menu_order":0,"comment_status":"closed","ping_status":"closed","template":"no-sidebar-page.php","meta":{"footnotes":""},"class_list":["post-23","page","type-page","status-publish","hentry"],"_links":{"self":[{"href":"https:\/\/www.redsealmeasurement.com\/es\/wp-json\/wp\/v2\/pages\/23"}],"collection":[{"href":"https:\/\/www.redsealmeasurement.com\/es\/wp-json\/wp\/v2\/pages"}],"about":[{"href":"https:\/\/www.redsealmeasurement.com\/es\/wp-json\/wp\/v2\/types\/page"}],"author":[{"embeddable":true,"href":"https:\/\/www.redsealmeasurement.com\/es\/wp-json\/wp\/v2\/users\/1"}],"replies":[{"embeddable":true,"href":"https:\/\/www.redsealmeasurement.com\/es\/wp-json\/wp\/v2\/comments?post=23"}],"version-history":[{"count":1,"href":"https:\/\/www.redsealmeasurement.com\/es\/wp-json\/wp\/v2\/pages\/23\/revisions"}],"predecessor-version":[{"id":1451,"href":"https:\/\/www.redsealmeasurement.com\/es\/wp-json\/wp\/v2\/pages\/23\/revisions\/1451"}],"up":[{"embeddable":true,"href":"https:\/\/www.redsealmeasurement.com\/es\/wp-json\/wp\/v2\/pages\/10"}],"wp:attachment":[{"href":"https:\/\/www.redsealmeasurement.com\/es\/wp-json\/wp\/v2\/media?parent=23"}],"curies":[{"name":"wp","href":"https:\/\/api.w.org\/{rel}","templated":true}]}}