{"id":25,"date":"2017-11-13T17:44:27","date_gmt":"2017-11-13T17:44:27","guid":{"rendered":"\/?page_id=25"},"modified":"2021-07-26T19:58:34","modified_gmt":"2021-07-26T19:58:34","slug":"oscillating-piston-meter","status":"publish","type":"page","link":"https:\/\/www.redsealmeasurement.com\/es\/technology\/oscillating-piston-meter\/","title":{"rendered":"Medidor de Pist\u00f3n Oscilante"},"content":{"rendered":"<p><img loading=\"lazy\" decoding=\"async\" class=\"alignnone wp-image-241 size-full\" src=\"\/wp-content\/uploads\/2017\/11\/piston-rotation-reduced.gif\" alt=\"\" width=\"260\" height=\"228\" \/><\/p>\n<p>Los medidores de pist\u00f3n oscilante Neptune Tipo MP utilizan una c\u00e1mara mecanizada con precisi\u00f3n que contiene un pist\u00f3n cil\u00edndrico que oscila a medida que fluye el l\u00edquido. El eje central del pist\u00f3n est\u00e1 restringido para funcionar en una ranura circular en la c\u00e1mara, lo que resulta en un movimiento giratorio descentrado a medida que el l\u00edquido entra y sale secuencialmente de los compartimentos mecanizados en la parte inferior del pist\u00f3n. Dado que se conoce el volumen de los compartimentos, la cantidad de l\u00edquido medido por revoluci\u00f3n se puede calcular con precisi\u00f3n.<\/p>\n<h3>Ventajas de los medidores de pist\u00f3n oscilante Neptune:<\/h3>\n<ul>\n<li>Solo dos partes m\u00f3viles<\/li>\n<li>El pist\u00f3n hidr\u00e1ulico flotante no entra en contacto con las superficies de la c\u00e1mara durante el funcionamiento<\/li>\n<li>F\u00e1cilmente reparable porque su construcci\u00f3n simple no requiere conocimientos especiales o herramientas<\/li>\n<li>Dise\u00f1o de doble carcasa<\/li>\n<li>El elemento de medici\u00f3n es reemplazable y no requiere que el medidor se retire de la l\u00ednea<\/li>\n<li>Tolerante al gas comprimido no lubricante, abrasivo y de baja viscosidad<\/li>\n<li>El recubrimiento Nituff reduce la fricci\u00f3n y protege del da\u00f1o por part\u00edculas<\/li>\n<li>Los componentes se someten a un tratamiento de fortalecimiento para aumentar la durabilidad<\/li>\n<li>Funciona con registros mec\u00e1nicos y electr\u00f3nicos<\/li>\n<li>Probado en condiciones de campo para optimizar el dise\u00f1o<\/li>\n<\/ul>","protected":false},"excerpt":{"rendered":"<p>Neptune Type MP oscillating piston meters use a precision-machined chamber containing a cylindrical piston that oscillates as liquid flows. The piston\u2019s central shaft is constrained to run in a circular groove in the chamber, resulting in an off-center rotating motion as the liquid sequentially enters and exits compartments machined into the underside of the piston. &hellip; <a href=\"https:\/\/www.redsealmeasurement.com\/es\/technology\/oscillating-piston-meter\/\" class=\"more-link\">Sigue leyendo <span class=\"screen-reader-text\">Medidor de Pist\u00f3n Oscilante<\/span><\/a><\/p>","protected":false},"author":1,"featured_media":0,"parent":10,"menu_order":0,"comment_status":"closed","ping_status":"closed","template":"no-sidebar-page.php","meta":{"footnotes":""},"class_list":["post-25","page","type-page","status-publish","hentry"],"_links":{"self":[{"href":"https:\/\/www.redsealmeasurement.com\/es\/wp-json\/wp\/v2\/pages\/25"}],"collection":[{"href":"https:\/\/www.redsealmeasurement.com\/es\/wp-json\/wp\/v2\/pages"}],"about":[{"href":"https:\/\/www.redsealmeasurement.com\/es\/wp-json\/wp\/v2\/types\/page"}],"author":[{"embeddable":true,"href":"https:\/\/www.redsealmeasurement.com\/es\/wp-json\/wp\/v2\/users\/1"}],"replies":[{"embeddable":true,"href":"https:\/\/www.redsealmeasurement.com\/es\/wp-json\/wp\/v2\/comments?post=25"}],"version-history":[{"count":1,"href":"https:\/\/www.redsealmeasurement.com\/es\/wp-json\/wp\/v2\/pages\/25\/revisions"}],"predecessor-version":[{"id":1450,"href":"https:\/\/www.redsealmeasurement.com\/es\/wp-json\/wp\/v2\/pages\/25\/revisions\/1450"}],"up":[{"embeddable":true,"href":"https:\/\/www.redsealmeasurement.com\/es\/wp-json\/wp\/v2\/pages\/10"}],"wp:attachment":[{"href":"https:\/\/www.redsealmeasurement.com\/es\/wp-json\/wp\/v2\/media?parent=25"}],"curies":[{"name":"wp","href":"https:\/\/api.w.org\/{rel}","templated":true}]}}