{"id":27,"date":"2017-11-13T17:45:49","date_gmt":"2017-11-13T17:45:49","guid":{"rendered":"\/?page_id=27"},"modified":"2021-07-26T19:59:24","modified_gmt":"2021-07-26T19:59:24","slug":"coriolis-mass-flow","status":"publish","type":"page","link":"https:\/\/www.redsealmeasurement.com\/es\/technology\/coriolis-mass-flow\/","title":{"rendered":"M\u00e1sico de Coriolis"},"content":{"rendered":"<h3>\u00bfPor Qu\u00e9 Medir La Masa?<\/h3>\n<p><img loading=\"lazy\" decoding=\"async\" class=\"alignleft wp-image-250 size-full\" src=\"\/wp-content\/uploads\/2017\/11\/scale.jpg\" alt=\"\" width=\"350\" height=\"286\" srcset=\"https:\/\/www.redsealmeasurement.com\/wp-content\/uploads\/2017\/11\/scale.jpg 350w, https:\/\/www.redsealmeasurement.com\/wp-content\/uploads\/2017\/11\/scale-300x245.jpg 300w\" sizes=\"(max-width: 350px) 100vw, 350px\" \/>El volumen puede cambiar significativamente bajo diferentes condiciones. La masa es consistente, independientemente de la temperatura o la presi\u00f3n. Los caudal\u00edmetros m\u00e1sicos proporcionan una cuenta clara y sin compromisos de cada transacci\u00f3n, en cualquier lugar y en cualquier momento.<\/p>\n<p>El volumen var\u00eda con la temperatura. La masa es una medida primaria y sigue siendo la misma.<\/p>\n<h3>\u00bfQu\u00e9 es el Principio de Coriolis?<\/h3>\n<p>El Ingeniero y matem\u00e1tico Gustave De Coriolis describi\u00f3 por primera vez el Efecto Coriolis, que es una fuerza inercial experimentada por un cuerpo en movimiento (o, en nuestra aplicaci\u00f3n, un l\u00edquido) en un sistema de coordenadas rotativas. Un ejemplo familiar de este efecto es la diferencia en el comportamiento de una manguera de jard\u00edn con y sin agua que fluye a trav\u00e9s de ella. En la demostraci\u00f3n siguiente, una longitud de la manguera se suspende de modo que forme un lazo, y se hace oscilar hacia adelante y hacia atr\u00e1s. Cuando el agua se apaga y no hay flujo a trav\u00e9s de la manguera, el bucle se balancea uniformemente:<\/p>\n<p><img loading=\"lazy\" decoding=\"async\" class=\"alignnone size-full wp-image-254\" src=\"\/wp-content\/uploads\/2017\/11\/garden-hose-no-flow.gif\" alt=\"\" width=\"320\" height=\"240\" \/><\/p>\n<p>Observe la diferencia cuando el agua fluye a trav\u00e9s de la manguera:<\/p>\n<p><img loading=\"lazy\" decoding=\"async\" class=\"alignnone size-full wp-image-253\" src=\"\/wp-content\/uploads\/2017\/11\/garden-hose-with-flow.gif\" alt=\"\" width=\"320\" height=\"240\" \/><\/p>\n<p><a href=\"https:\/\/www.redsealmeasurement.com\/es\/technology\/mass-flowmeter\/\">Ir a la siguiente secci\u00f3n: \u00bfC\u00f3mo funciona un medidor de Flujo M\u00e1sico?:<\/a><\/p>","protected":false},"excerpt":{"rendered":"<p>Why Measure Mass? Volume can change significantly under different conditions. Mass is consistent, regardless of temperature or pressure. Mass flowmeters give a clear, uncompromised account of every transaction \u2013 any place, any time. Volume varies with temperature. Mass is a primary measurement and remains the same. What is the Coriolis Principle? The mathematician Gustave De &hellip; <a href=\"https:\/\/www.redsealmeasurement.com\/es\/technology\/coriolis-mass-flow\/\" class=\"more-link\">Sigue leyendo <span class=\"screen-reader-text\">M\u00e1sico de Coriolis<\/span><\/a><\/p>","protected":false},"author":1,"featured_media":0,"parent":10,"menu_order":0,"comment_status":"closed","ping_status":"closed","template":"no-sidebar-page.php","meta":{"footnotes":""},"class_list":["post-27","page","type-page","status-publish","hentry"],"_links":{"self":[{"href":"https:\/\/www.redsealmeasurement.com\/es\/wp-json\/wp\/v2\/pages\/27"}],"collection":[{"href":"https:\/\/www.redsealmeasurement.com\/es\/wp-json\/wp\/v2\/pages"}],"about":[{"href":"https:\/\/www.redsealmeasurement.com\/es\/wp-json\/wp\/v2\/types\/page"}],"author":[{"embeddable":true,"href":"https:\/\/www.redsealmeasurement.com\/es\/wp-json\/wp\/v2\/users\/1"}],"replies":[{"embeddable":true,"href":"https:\/\/www.redsealmeasurement.com\/es\/wp-json\/wp\/v2\/comments?post=27"}],"version-history":[{"count":1,"href":"https:\/\/www.redsealmeasurement.com\/es\/wp-json\/wp\/v2\/pages\/27\/revisions"}],"predecessor-version":[{"id":1452,"href":"https:\/\/www.redsealmeasurement.com\/es\/wp-json\/wp\/v2\/pages\/27\/revisions\/1452"}],"up":[{"embeddable":true,"href":"https:\/\/www.redsealmeasurement.com\/es\/wp-json\/wp\/v2\/pages\/10"}],"wp:attachment":[{"href":"https:\/\/www.redsealmeasurement.com\/es\/wp-json\/wp\/v2\/media?parent=27"}],"curies":[{"name":"wp","href":"https:\/\/api.w.org\/{rel}","templated":true}]}}