{"id":44,"date":"2017-11-13T19:51:43","date_gmt":"2017-11-13T19:51:43","guid":{"rendered":"\/?page_id=44"},"modified":"2021-07-26T19:57:48","modified_gmt":"2021-07-26T19:57:48","slug":"oscillating-piston","status":"publish","type":"page","link":"https:\/\/www.redsealmeasurement.com\/es\/products\/oscillating-piston\/","title":{"rendered":"Pist\u00f3n Oscilante"},"content":{"rendered":"<ul class=\"lcp_catlist\" id=\"lcp_instance_0\"><li><a href=\"https:\/\/www.redsealmeasurement.com\/es\/neptune-type-4-size-3%e2%80%b3-flowmeters\/\">Medidores Neptune Tipo 4 Tama\u00f1o 3\"<\/a><a href=\"https:\/\/www.redsealmeasurement.com\/es\/neptune-type-4-size-3%e2%80%b3-flowmeters\/\" title=\"Medidores Neptune Tipo 4 Tama\u00f1o 3&quot;\"><img loading=\"lazy\" decoding=\"async\" width=\"150\" height=\"150\" src=\"https:\/\/www.redsealmeasurement.com\/wp-content\/uploads\/2017\/11\/neptune-type4-size3-150x150.jpg\" class=\"lcp_thumbnail wp-post-image\" alt=\"Neptune Type 4 Size 3\u2033 Flowmeters\" srcset=\"https:\/\/www.redsealmeasurement.com\/wp-content\/uploads\/2017\/11\/neptune-type4-size3-150x150.jpg 150w, https:\/\/www.redsealmeasurement.com\/wp-content\/uploads\/2017\/11\/neptune-type4-size3-300x300.jpg 300w, https:\/\/www.redsealmeasurement.com\/wp-content\/uploads\/2017\/11\/neptune-type4-size3.jpg 445w\" sizes=\"(max-width: 150px) 100vw, 150px\" \/><\/a><div class=\"lcp_excerpt\">Los medidores compactos Neptune de 3\" son excelentes instrumentos para medir grandes vol\u00famenes de derivados del petr\u00f3leo cuando la p\u00e9rdida de carga debe mantenerse al m\u00ednimo\n<\/div><\/li><li><a href=\"https:\/\/www.redsealmeasurement.com\/es\/very-low-flow-flowmeters\/\">Medidores de Caudal Muy Bajo<\/a><a href=\"https:\/\/www.redsealmeasurement.com\/es\/very-low-flow-flowmeters\/\" title=\"Medidores de Caudal Muy Bajo\"><img loading=\"lazy\" decoding=\"async\" width=\"150\" height=\"150\" src=\"https:\/\/www.redsealmeasurement.com\/wp-content\/uploads\/2017\/11\/very-low-flow-150x150.jpg\" class=\"lcp_thumbnail wp-post-image\" alt=\"Very Low Flow Flowmeters\" srcset=\"https:\/\/www.redsealmeasurement.com\/wp-content\/uploads\/2017\/11\/very-low-flow-150x150.jpg 150w, https:\/\/www.redsealmeasurement.com\/wp-content\/uploads\/2017\/11\/very-low-flow.jpg 250w\" sizes=\"(max-width: 150px) 100vw, 150px\" \/><\/a><div class=\"lcp_excerpt\">Los medidores VLF (very low flow) han sido dise\u00f1ados para medir el flujo de combustible ligero o gas\u00f3leo, por ejemplo, en aplicaciones como la medici\u00f3n del consumo de fuel oil en grandes plantas de calderas, en un generador de motor di\u00e9sel y en bancos de pruebas de motores\n<\/div><\/li><li><a href=\"https:\/\/www.redsealmeasurement.com\/es\/neptune-type-40-flowmeters\/\">Medidores Neptune Tipo 40<\/a><a href=\"https:\/\/www.redsealmeasurement.com\/es\/neptune-type-40-flowmeters\/\" title=\"Medidores Neptune Tipo 40\"><img loading=\"lazy\" decoding=\"async\" width=\"150\" height=\"150\" src=\"https:\/\/www.redsealmeasurement.com\/wp-content\/uploads\/2017\/11\/neptune-type-40-flowmeter-150x150.jpg\" class=\"lcp_thumbnail wp-post-image\" alt=\"Neptune Type 40 Flowmeters\" srcset=\"https:\/\/www.redsealmeasurement.com\/wp-content\/uploads\/2017\/11\/neptune-type-40-flowmeter-150x150.jpg 150w, https:\/\/www.redsealmeasurement.com\/wp-content\/uploads\/2017\/11\/neptune-type-40-flowmeter.jpg 205w\" sizes=\"(max-width: 150px) 100vw, 150px\" \/><\/a><div class=\"lcp_excerpt\">Los medidores Neptune Tipo 40 de 1-1\/4\" y 1-1\/2\" proporcionan la precisi\u00f3n y la comodidad que necesita para medir productos refinados de petr\u00f3leo y le permiten controlar los costos, la prevenci\u00f3n de p\u00e9rdidas y la facturaci\u00f3n.\n<\/div><\/li><li><a href=\"https:\/\/www.redsealmeasurement.com\/es\/neptune-type-4-flowmeters\/\">Medidores flujo Neptune Tipo 4<\/a><a href=\"https:\/\/www.redsealmeasurement.com\/es\/neptune-type-4-flowmeters\/\" title=\"Medidores flujo Neptune Tipo 4\"><img loading=\"lazy\" decoding=\"async\" width=\"150\" height=\"150\" src=\"https:\/\/www.redsealmeasurement.com\/wp-content\/uploads\/2017\/11\/neptune-type4-flowmeter-150x150.jpg\" class=\"lcp_thumbnail wp-post-image\" alt=\"Neptune Type 4 Flowmeters\" srcset=\"https:\/\/www.redsealmeasurement.com\/wp-content\/uploads\/2017\/11\/neptune-type4-flowmeter-150x150.jpg 150w, https:\/\/www.redsealmeasurement.com\/wp-content\/uploads\/2017\/11\/neptune-type4-flowmeter.jpg 164w\" sizes=\"(max-width: 150px) 100vw, 150px\" \/><\/a><div class=\"lcp_excerpt\">Los medidores compactos Tipo 4 Neptune de 1-1\/4\" y 1-1\/2\" son instrumentos excelentes para la medici\u00f3n de camiones cisterna de capacidad peque\u00f1a y mediana\n<\/div><\/li><li><a href=\"https:\/\/www.redsealmeasurement.com\/es\/neptune-4d-md-meter-for-lpg-dispensers\/\">Medidor Neptune 4D-MD para dispensadores de GLP<\/a><a href=\"https:\/\/www.redsealmeasurement.com\/es\/neptune-4d-md-meter-for-lpg-dispensers\/\" title=\"Medidor Neptune 4D-MD para dispensadores de GLP\"><img loading=\"lazy\" decoding=\"async\" width=\"150\" height=\"150\" src=\"https:\/\/www.redsealmeasurement.com\/wp-content\/uploads\/2017\/11\/neptune-4d-md-150x150.jpg\" class=\"lcp_thumbnail wp-post-image\" alt=\"Neptune 4D-MD Meter for LPG Dispensers\" srcset=\"https:\/\/www.redsealmeasurement.com\/wp-content\/uploads\/2017\/11\/neptune-4d-md-150x150.jpg 150w, https:\/\/www.redsealmeasurement.com\/wp-content\/uploads\/2017\/11\/neptune-4d-md.jpg 256w\" sizes=\"(max-width: 150px) 100vw, 150px\" \/><\/a><div class=\"lcp_excerpt\">El medidor Neptune Tipo 4D-MD de 1\" ha sido dise\u00f1ado espec\u00edficamente para la transferencia de custodia de Propano Licuado y gas Butano (GLP). Este medidor utiliza el principio de desplazamiento positivo del pist\u00f3n oscilante.\n<\/div><\/li><li><a href=\"https:\/\/www.redsealmeasurement.com\/es\/neptune-4d-mt-lpg-tank-truck-meter\/\">Neptune 4D-MT Auto Tanque<\/a><a href=\"https:\/\/www.redsealmeasurement.com\/es\/neptune-4d-mt-lpg-tank-truck-meter\/\" title=\"Neptune 4D-MT Auto Tanque\"><img loading=\"lazy\" decoding=\"async\" width=\"150\" height=\"150\" src=\"https:\/\/www.redsealmeasurement.com\/wp-content\/uploads\/2017\/11\/neptune-4d-lpg-tank-truck-meter-150x150.jpg\" class=\"lcp_thumbnail wp-post-image\" alt=\"Neptune 4D-MT LPG Tank Truck Meter\" srcset=\"https:\/\/www.redsealmeasurement.com\/wp-content\/uploads\/2017\/11\/neptune-4d-lpg-tank-truck-meter-150x150.jpg 150w, https:\/\/www.redsealmeasurement.com\/wp-content\/uploads\/2017\/11\/neptune-4d-lpg-tank-truck-meter-300x300.jpg 300w, https:\/\/www.redsealmeasurement.com\/wp-content\/uploads\/2017\/11\/neptune-4d-lpg-tank-truck-meter.jpg 482w\" sizes=\"(max-width: 150px) 100vw, 150px\" \/><\/a><div class=\"lcp_excerpt\">El medidor de GLP Neptune de 2\" es el est\u00e1ndar mundial para la medici\u00f3n montada en camiones. El medidor de flujo de cuerpo de aluminio viene completo y listo para su instalaci\u00f3n\u2026\n<\/div><\/li><li><a href=\"https:\/\/www.redsealmeasurement.com\/es\/neptune-4-mt-petroleum-tank-truck-meter\/\">Neptune 4-MT Autotanque<\/a><a href=\"https:\/\/www.redsealmeasurement.com\/es\/neptune-4-mt-petroleum-tank-truck-meter\/\" title=\"Neptune 4-MT Autotanque\"><img loading=\"lazy\" decoding=\"async\" width=\"150\" height=\"150\" src=\"https:\/\/www.redsealmeasurement.com\/wp-content\/uploads\/2017\/11\/neptune4MT-petroleum-truck-meter-150x150.jpg\" class=\"lcp_thumbnail wp-post-image\" alt=\"Neptune 4-MT Petroleum Tank Truck Meter\" srcset=\"https:\/\/www.redsealmeasurement.com\/wp-content\/uploads\/2017\/11\/neptune4MT-petroleum-truck-meter-150x150.jpg 150w, https:\/\/www.redsealmeasurement.com\/wp-content\/uploads\/2017\/11\/neptune4MT-petroleum-truck-meter.jpg 256w\" sizes=\"(max-width: 150px) 100vw, 150px\" \/><\/a><div class=\"lcp_excerpt\">El medidor mec\u00e1nico Neptune 2 \" Tipo 4-MT es una excelente opci\u00f3n para la medici\u00f3n en camiones para productos derivados del petr\u00f3leo. El medidor con cuerpo de aluminio en 2\" viene completo,  listo para su instalaci\u00f3n y es ideal en aplicaciones de un solo medidor o varios medidores.\n<\/div><\/li><li><a href=\"https:\/\/www.redsealmeasurement.com\/es\/neptune-type-mp-oscillating-piston-flowmeter\/\">Medidor de Pist\u00f3n Oscilante Neptune Tipo MP<\/a><a href=\"https:\/\/www.redsealmeasurement.com\/es\/neptune-type-mp-oscillating-piston-flowmeter\/\" title=\"Medidor de Pist\u00f3n Oscilante Neptune Tipo MP\"><img loading=\"lazy\" decoding=\"async\" width=\"150\" height=\"150\" src=\"https:\/\/www.redsealmeasurement.com\/wp-content\/uploads\/2017\/11\/neptune-type-MP-oscillating-flowmeter-150x150.jpg\" class=\"lcp_thumbnail wp-post-image\" alt=\"Neptune Type MP Oscillating Piston Flowmeter\" srcset=\"https:\/\/www.redsealmeasurement.com\/wp-content\/uploads\/2017\/11\/neptune-type-MP-oscillating-flowmeter-150x150.jpg 150w, https:\/\/www.redsealmeasurement.com\/wp-content\/uploads\/2017\/11\/neptune-type-MP-oscillating-flowmeter.jpg 175w\" sizes=\"(max-width: 150px) 100vw, 150px\" \/><\/a><div class=\"lcp_excerpt\">El medidor de pist\u00f3n oscilante Tipo MP proporciona una alta precisi\u00f3n en la medici\u00f3n de flujo de l\u00edquidos industriales.\n<\/div><\/li><li><a href=\"https:\/\/www.redsealmeasurement.com\/es\/neptune-type-4d-flowmeters\/\">Medidor Mecanico Neptune Tipo 4D<\/a><a href=\"https:\/\/www.redsealmeasurement.com\/es\/neptune-type-4d-flowmeters\/\" title=\"Medidor Mecanico Neptune Tipo 4D\"><img loading=\"lazy\" decoding=\"async\" width=\"150\" height=\"150\" src=\"https:\/\/www.redsealmeasurement.com\/wp-content\/uploads\/2017\/11\/neptun-4d-flowmeter-150x150.jpg\" class=\"lcp_thumbnail wp-post-image\" alt=\"Neptune Type 4D Flowmeters\" srcset=\"https:\/\/www.redsealmeasurement.com\/wp-content\/uploads\/2017\/11\/neptun-4d-flowmeter-150x150.jpg 150w, https:\/\/www.redsealmeasurement.com\/wp-content\/uploads\/2017\/11\/neptun-4d-flowmeter-300x300.jpg 300w, https:\/\/www.redsealmeasurement.com\/wp-content\/uploads\/2017\/11\/neptun-4d-flowmeter.jpg 369w\" sizes=\"(max-width: 150px) 100vw, 150px\" \/><\/a><div class=\"lcp_excerpt\">Los medidores 4D de 1-1\/2\" y 1-1\/4\", con dise\u00f1o de doble carcasa, han sido dise\u00f1ados espec\u00edficamente para la transferencia de custodia de Propano Licuado y Gas Butano (GLP).\n<\/div><\/li><\/ul>","protected":false},"excerpt":{"rendered":"","protected":false},"author":1,"featured_media":0,"parent":8,"menu_order":0,"comment_status":"closed","ping_status":"closed","template":"no-sidebar-page.php","meta":{"footnotes":""},"class_list":["post-44","page","type-page","status-publish","hentry"],"_links":{"self":[{"href":"https:\/\/www.redsealmeasurement.com\/es\/wp-json\/wp\/v2\/pages\/44"}],"collection":[{"href":"https:\/\/www.redsealmeasurement.com\/es\/wp-json\/wp\/v2\/pages"}],"about":[{"href":"https:\/\/www.redsealmeasurement.com\/es\/wp-json\/wp\/v2\/types\/page"}],"author":[{"embeddable":true,"href":"https:\/\/www.redsealmeasurement.com\/es\/wp-json\/wp\/v2\/users\/1"}],"replies":[{"embeddable":true,"href":"https:\/\/www.redsealmeasurement.com\/es\/wp-json\/wp\/v2\/comments?post=44"}],"version-history":[{"count":10,"href":"https:\/\/www.redsealmeasurement.com\/es\/wp-json\/wp\/v2\/pages\/44\/revisions"}],"predecessor-version":[{"id":1282,"href":"https:\/\/www.redsealmeasurement.com\/es\/wp-json\/wp\/v2\/pages\/44\/revisions\/1282"}],"up":[{"embeddable":true,"href":"https:\/\/www.redsealmeasurement.com\/es\/wp-json\/wp\/v2\/pages\/8"}],"wp:attachment":[{"href":"https:\/\/www.redsealmeasurement.com\/es\/wp-json\/wp\/v2\/media?parent=44"}],"curies":[{"name":"wp","href":"https:\/\/api.w.org\/{rel}","templated":true}]}}