{"id":53,"date":"2017-11-13T21:56:51","date_gmt":"2017-11-13T21:56:51","guid":{"rendered":"\/?page_id=53"},"modified":"2021-07-26T19:57:31","modified_gmt":"2021-07-26T19:57:31","slug":"nutating-disc","status":"publish","type":"page","link":"https:\/\/www.redsealmeasurement.com\/es\/products\/nutating-disc\/","title":{"rendered":"Disco Nutante"},"content":{"rendered":"<ul class=\"lcp_catlist\" id=\"lcp_instance_0\"><li><a href=\"https:\/\/www.redsealmeasurement.com\/es\/neptune-type-s-flowmeter\/\">Medidor de Flujo Neptune Tipo S<\/a><a href=\"https:\/\/www.redsealmeasurement.com\/es\/neptune-type-s-flowmeter\/\" title=\"Medidor de Flujo Neptune Tipo S\"><img loading=\"lazy\" decoding=\"async\" width=\"150\" height=\"150\" src=\"https:\/\/www.redsealmeasurement.com\/wp-content\/uploads\/2017\/11\/neptune-type-s-flowmeter-150x150.jpg\" class=\"lcp_thumbnail wp-post-image\" alt=\"Neptune Type S Flowmeter\" srcset=\"https:\/\/www.redsealmeasurement.com\/wp-content\/uploads\/2017\/11\/neptune-type-s-flowmeter-150x150.jpg 150w, https:\/\/www.redsealmeasurement.com\/wp-content\/uploads\/2017\/11\/neptune-type-s-flowmeter.jpg 163w\" sizes=\"(max-width: 150px) 100vw, 150px\" \/><\/a><div class=\"lcp_excerpt\">Los medidores Tipo S de 3\/4\", 1\" y 2\" utilizan el principio de disco nutating de la tecnolog\u00eda de c\u00e1mara de medici\u00f3n de desplazamiento positivo.\n<\/div><\/li><li><a href=\"https:\/\/www.redsealmeasurement.com\/es\/neptune-type-s-high-pressure-flowmeter\/\">Medidor de Alta Presi\u00f3n Neptune Tipo S<\/a><a href=\"https:\/\/www.redsealmeasurement.com\/es\/neptune-type-s-high-pressure-flowmeter\/\" title=\"Medidor de Alta Presi\u00f3n Neptune Tipo S\"><img loading=\"lazy\" decoding=\"async\" width=\"150\" height=\"150\" src=\"https:\/\/www.redsealmeasurement.com\/wp-content\/uploads\/2017\/11\/neptune-type-s-high-pressure-flowmeter-150x150.jpg\" class=\"lcp_thumbnail wp-post-image\" alt=\"Neptune Type S High Pressure Flowmeter\" srcset=\"https:\/\/www.redsealmeasurement.com\/wp-content\/uploads\/2017\/11\/neptune-type-s-high-pressure-flowmeter-150x150.jpg 150w, https:\/\/www.redsealmeasurement.com\/wp-content\/uploads\/2017\/11\/neptune-type-s-high-pressure-flowmeter.jpg 163w\" sizes=\"(max-width: 150px) 100vw, 150px\" \/><\/a><div class=\"lcp_excerpt\">Los medidores de alta presi\u00f3n (HP) Neptune Type S Nutating Disc son instrumentos de medici\u00f3n de precisi\u00f3n utilizados para la medici\u00f3n precisa de l\u00edquidos a altas presiones\n<\/div><\/li><li><a href=\"https:\/\/www.redsealmeasurement.com\/es\/type-s-meter-with-magnetic-drive\/\">Medidor Tipo S con Accionamiento Magn\u00e9tico<\/a><a href=\"https:\/\/www.redsealmeasurement.com\/es\/type-s-meter-with-magnetic-drive\/\" title=\"Medidor Tipo S con Accionamiento Magn\u00e9tico\"><img loading=\"lazy\" decoding=\"async\" width=\"150\" height=\"150\" src=\"https:\/\/www.redsealmeasurement.com\/wp-content\/uploads\/2017\/11\/type-s-magnetic-150x150.jpg\" class=\"lcp_thumbnail wp-post-image\" alt=\"Type S Meter with Magnetic Drive\" srcset=\"https:\/\/www.redsealmeasurement.com\/wp-content\/uploads\/2017\/11\/type-s-magnetic-150x150.jpg 150w, https:\/\/www.redsealmeasurement.com\/wp-content\/uploads\/2017\/11\/type-s-magnetic-300x300.jpg 300w, https:\/\/www.redsealmeasurement.com\/wp-content\/uploads\/2017\/11\/type-s-magnetic.jpg 405w\" sizes=\"(max-width: 150px) 100vw, 150px\" \/><\/a><div class=\"lcp_excerpt\">El medidor de flujo de accionamiento magn\u00e9tico Tipo S de 2\", con construcci\u00f3n de doble caja, utiliza la tecnolog\u00eda de desplazamiento positivo del disco de nutante.\n<\/div><\/li><\/ul>","protected":false},"excerpt":{"rendered":"","protected":false},"author":1,"featured_media":0,"parent":8,"menu_order":0,"comment_status":"closed","ping_status":"closed","template":"no-sidebar-page.php","meta":{"footnotes":""},"class_list":["post-53","page","type-page","status-publish","hentry"],"_links":{"self":[{"href":"https:\/\/www.redsealmeasurement.com\/es\/wp-json\/wp\/v2\/pages\/53"}],"collection":[{"href":"https:\/\/www.redsealmeasurement.com\/es\/wp-json\/wp\/v2\/pages"}],"about":[{"href":"https:\/\/www.redsealmeasurement.com\/es\/wp-json\/wp\/v2\/types\/page"}],"author":[{"embeddable":true,"href":"https:\/\/www.redsealmeasurement.com\/es\/wp-json\/wp\/v2\/users\/1"}],"replies":[{"embeddable":true,"href":"https:\/\/www.redsealmeasurement.com\/es\/wp-json\/wp\/v2\/comments?post=53"}],"version-history":[{"count":5,"href":"https:\/\/www.redsealmeasurement.com\/es\/wp-json\/wp\/v2\/pages\/53\/revisions"}],"predecessor-version":[{"id":1276,"href":"https:\/\/www.redsealmeasurement.com\/es\/wp-json\/wp\/v2\/pages\/53\/revisions\/1276"}],"up":[{"embeddable":true,"href":"https:\/\/www.redsealmeasurement.com\/es\/wp-json\/wp\/v2\/pages\/8"}],"wp:attachment":[{"href":"https:\/\/www.redsealmeasurement.com\/es\/wp-json\/wp\/v2\/media?parent=53"}],"curies":[{"name":"wp","href":"https:\/\/api.w.org\/{rel}","templated":true}]}}