{"id":6,"date":"2017-11-08T19:03:35","date_gmt":"2017-11-08T19:03:35","guid":{"rendered":"\/?page_id=6"},"modified":"2026-04-08T19:21:12","modified_gmt":"2026-04-08T19:21:12","slug":"about","status":"publish","type":"page","link":"https:\/\/www.redsealmeasurement.com\/es\/about\/","title":{"rendered":"Sobre Nosotros"},"content":{"rendered":"<h3>Soluciones avanzadas de medici\u00f3n para combustibles refinados y aplicaciones industriales<\/h3>\n<p>Los sistemas de medici\u00f3n Red Seal est\u00e1n especialmente dise\u00f1ados para proporcionar un servicio insuperable en las aplicaciones de medici\u00f3n m\u00e1s exigentes, desde la transferencia de custodia de combustible refinado,  hasta las exigentes operaciones de procesamiento por lotes en las industrias alimenticia  y qu\u00edmica. Ya sea que el trabajo requiera un medidor mecanico tipo  desplazamiento positivo con un legado de rendimiento comprobado, o un medidor de flujo m\u00e1sico Coriolis de \u00faltima generaci\u00f3n con mayor precisi\u00f3n, mayor rango de caudal  y sensibilidad, los sistemas de medici\u00f3n de Red Seal Measurement proteger\u00e1n su confianza y sus ganancias.<\/p>\n<p><iframe loading=\"lazy\" src=\"https:\/\/www.youtube-nocookie.com\/embed\/HFXUxnhs7ns?rel=0&amp;showinfo=0\" width=\"853\" height=\"480\" frameborder=\"0\" allowfullscreen=\"allowfullscreen\"><\/iframe><\/p>\n<h3>Nueva Garant\u00eda Extendida en todos los medidores Neptune PD<\/h3>\n<p>Red Seal Measurement se enorgullece de ofrecer la l\u00ednea de productos Neptune. Debido a que estamos seguros de que nuestros medidores son los mejores en el negocio, estamos extendiendo la garant\u00eda de todos nuestros medidores de desplazamiento positivo a tres a\u00f1os a partir de la fecha de instalaci\u00f3n (o 42 meses a partir de la fecha de env\u00edo).<\/p>\n<p>No hay restricciones en cantidad o configuraci\u00f3n, y no hay requisito para comprar componentes adicionales. Valoramos la confianza que ha depositado en nuestros productos. Deje que los medidores Neptune devuelvan esa confianza con la tranquilidad que la calidad garantizada puede proporcionar.<\/p>\n<p><!--\n<iframe loading=\"lazy\" src=\"https:\/\/www.youtube-nocookie.com\/embed\/4IegAvVPc8A?rel=0&amp;showinfo=0\" width=\"853\" height=\"480\" frameborder=\"0\" allowfullscreen=\"allowfullscreen\"><\/iframe>\n\n<a href=\"\/about\/video\/\">Watch our Videos<\/a> \u2192\n--><\/p>\n<p><a href=\"https:\/\/www.redsealmeasurement.com\/es\/about\/testimonials\/\">Lea nuestros testimonios<\/a> \u2192<\/p>","protected":false},"excerpt":{"rendered":"<p>Advanced measurement solutions for refined fuels and industrial applications Red Seal Measurement systems are specially designed to provide unsurpassed service in the most demanding measurement applications, from refined fuel custody transfer to exacting batching operations in the food and chemical industries. Whether the job calls for a positive displacement meter with a legacy of proven &hellip; <a href=\"https:\/\/www.redsealmeasurement.com\/es\/about\/\" class=\"more-link\">Sigue leyendo <span class=\"screen-reader-text\">Sobre Nosotros<\/span><\/a><\/p>","protected":false},"author":1,"featured_media":0,"parent":0,"menu_order":0,"comment_status":"closed","ping_status":"closed","template":"","meta":{"footnotes":""},"class_list":["post-6","page","type-page","status-publish","hentry"],"_links":{"self":[{"href":"https:\/\/www.redsealmeasurement.com\/es\/wp-json\/wp\/v2\/pages\/6"}],"collection":[{"href":"https:\/\/www.redsealmeasurement.com\/es\/wp-json\/wp\/v2\/pages"}],"about":[{"href":"https:\/\/www.redsealmeasurement.com\/es\/wp-json\/wp\/v2\/types\/page"}],"author":[{"embeddable":true,"href":"https:\/\/www.redsealmeasurement.com\/es\/wp-json\/wp\/v2\/users\/1"}],"replies":[{"embeddable":true,"href":"https:\/\/www.redsealmeasurement.com\/es\/wp-json\/wp\/v2\/comments?post=6"}],"version-history":[{"count":2,"href":"https:\/\/www.redsealmeasurement.com\/es\/wp-json\/wp\/v2\/pages\/6\/revisions"}],"predecessor-version":[{"id":1593,"href":"https:\/\/www.redsealmeasurement.com\/es\/wp-json\/wp\/v2\/pages\/6\/revisions\/1593"}],"wp:attachment":[{"href":"https:\/\/www.redsealmeasurement.com\/es\/wp-json\/wp\/v2\/media?parent=6"}],"curies":[{"name":"wp","href":"https:\/\/api.w.org\/{rel}","templated":true}]}}