{"id":66,"date":"2017-11-13T22:04:48","date_gmt":"2017-11-13T22:04:48","guid":{"rendered":"\/?page_id=66"},"modified":"2021-07-26T19:37:20","modified_gmt":"2021-07-26T19:37:20","slug":"mass-flow","status":"publish","type":"page","link":"https:\/\/www.redsealmeasurement.com\/es\/products\/mass-flow\/","title":{"rendered":"Flujo M\u00e1sico"},"content":{"rendered":"<ul class=\"lcp_catlist\" id=\"lcp_instance_0\"><li><a href=\"https:\/\/www.redsealmeasurement.com\/es\/neptune-e6000-electronic-dispenser-register\/\">Neptune E6000 Electronic Dispenser Register<\/a><a href=\"https:\/\/www.redsealmeasurement.com\/es\/neptune-e6000-electronic-dispenser-register\/\" title=\"Neptune E6000 Electronic Dispenser Register\"><img loading=\"lazy\" decoding=\"async\" width=\"150\" height=\"150\" src=\"https:\/\/www.redsealmeasurement.com\/wp-content\/uploads\/2025\/06\/E6000-1-reduced-150x150.png\" class=\"lcp_thumbnail wp-post-image\" alt=\"Neptune E6000 Electronic Dispenser Register\" srcset=\"https:\/\/www.redsealmeasurement.com\/wp-content\/uploads\/2025\/06\/E6000-1-reduced-150x150.png 150w, https:\/\/www.redsealmeasurement.com\/wp-content\/uploads\/2025\/06\/E6000-1-reduced-13x12.png 13w\" sizes=\"(max-width: 150px) 100vw, 150px\" \/><\/a><div class=\"lcp_excerpt\">with Dual Totalizers and Valve Control\nThe E6000 is designed for dispensing LPG into cylinders and\/or vehicles. Both types of delivery are measured by a single unit, which controls valves to allow only the selected dispensing application. Two separate totalizers maintain accurate totals for tax accountability and inventory control. The rugged aluminum enclosure protects the unit ...<\/div><\/li><li><a href=\"https:\/\/www.redsealmeasurement.com\/es\/neptune-e4000-electronic-register\/\">Registro Electr\u00f3nico Neptune E4000<\/a><a href=\"https:\/\/www.redsealmeasurement.com\/es\/neptune-e4000-electronic-register\/\" title=\"Registro Electr\u00f3nico Neptune E4000\"><img loading=\"lazy\" decoding=\"async\" width=\"150\" height=\"150\" src=\"https:\/\/www.redsealmeasurement.com\/wp-content\/uploads\/2018\/06\/E4000-orth-web-150x150.jpg\" class=\"lcp_thumbnail wp-post-image\" alt=\"Neptune E4000 Electronic Register\" \/><\/a><div class=\"lcp_excerpt\">El registro electr\u00f3nico Neptune E4000 automatiza las operaciones de transacci\u00f3n para las entregas de GLP, combustibles destilados y otros l\u00edquidos distribuidos comercialmente a trav\u00e9s de medidores de flujo en camiones de entrega a granel\n<\/div><\/li><li><a href=\"https:\/\/www.redsealmeasurement.com\/es\/masstrack-inventory-management-system\/\">Sistema de Gesti\u00f3n de Inventario de V\u00eda Masa<\/a><a href=\"https:\/\/www.redsealmeasurement.com\/es\/masstrack-inventory-management-system\/\" title=\"Sistema de Gesti\u00f3n de Inventario de V\u00eda Masa\"><img loading=\"lazy\" decoding=\"async\" width=\"150\" height=\"150\" src=\"https:\/\/www.redsealmeasurement.com\/wp-content\/uploads\/2017\/11\/mass-track-inventory-150x150.jpg\" class=\"lcp_thumbnail wp-post-image\" alt=\"MassTrack Inventory Management System\" srcset=\"https:\/\/www.redsealmeasurement.com\/wp-content\/uploads\/2017\/11\/mass-track-inventory-150x150.jpg 150w, https:\/\/www.redsealmeasurement.com\/wp-content\/uploads\/2017\/11\/mass-track-inventory.jpg 275w\" sizes=\"(max-width: 150px) 100vw, 150px\" \/><\/a><div class=\"lcp_excerpt\">Los sistemas de gesti\u00f3n de inventario masivo combinan la precisi\u00f3n superior de los Medidores m\u00e1sicos Neptune con software especializado para controlar todos los flujos de productos.\n<\/div><\/li><li><a href=\"https:\/\/www.redsealmeasurement.com\/es\/nexgen-sft200-mass-flow-transmitter\/\">NexGen SFT200 Transmisor de Flujo M\u00e1sico<\/a><a href=\"https:\/\/www.redsealmeasurement.com\/es\/nexgen-sft200-mass-flow-transmitter\/\" title=\"NexGen SFT200 Transmisor de Flujo M\u00e1sico\"><img loading=\"lazy\" decoding=\"async\" width=\"150\" height=\"150\" src=\"https:\/\/www.redsealmeasurement.com\/wp-content\/uploads\/2017\/11\/nexgen-sft200-mass-flow-transmitter-150x150.jpg\" class=\"lcp_thumbnail wp-post-image\" alt=\"NexGen SFT200 Mass Flow Transmitter\" srcset=\"https:\/\/www.redsealmeasurement.com\/wp-content\/uploads\/2017\/11\/nexgen-sft200-mass-flow-transmitter-150x150.jpg 150w, https:\/\/www.redsealmeasurement.com\/wp-content\/uploads\/2017\/11\/nexgen-sft200-mass-flow-transmitter.jpg 300w\" sizes=\"(max-width: 150px) 100vw, 150px\" \/><\/a><div class=\"lcp_excerpt\">El transmisor de flujo m\u00e1sico NexGen SFT200 proporciona un sistema de control peque\u00f1o, eficiente y de bajo costo para nuestros transductores de flujo m\u00e1sico\n<\/div><\/li><li><a href=\"https:\/\/www.redsealmeasurement.com\/es\/datamate-2200-mass-flow-computer\/\">Equipo de Flujo M\u00e1sico DATAMATE 2200<\/a><a href=\"https:\/\/www.redsealmeasurement.com\/es\/datamate-2200-mass-flow-computer\/\" title=\"Equipo de Flujo M\u00e1sico DATAMATE 2200\"><img loading=\"lazy\" decoding=\"async\" width=\"150\" height=\"150\" src=\"https:\/\/www.redsealmeasurement.com\/wp-content\/uploads\/2018\/01\/DM2200-RSM-logo-150x150.jpg\" class=\"lcp_thumbnail wp-post-image\" alt=\"DATAMATE 2200 Mass Flow Computer\" \/><\/a><div class=\"lcp_excerpt\">La computadora de flujo m\u00e1sico DATAMATE 2200 interact\u00faa con toda la familia de transductores de flujo m\u00e1sico Neptune Coriolis. El DATAMATE basado en microprocesador es configurable en el campo.\n<\/div><\/li><li><a href=\"https:\/\/www.redsealmeasurement.com\/es\/nexgen-sft100-mass-flow-transmitter\/\">NexGen SFT100 Transmisor de Flujo M\u00e1sico<\/a><a href=\"https:\/\/www.redsealmeasurement.com\/es\/nexgen-sft100-mass-flow-transmitter\/\" title=\"NexGen SFT100 Transmisor de Flujo M\u00e1sico\"><img loading=\"lazy\" decoding=\"async\" width=\"150\" height=\"150\" src=\"https:\/\/www.redsealmeasurement.com\/wp-content\/uploads\/2018\/06\/NexGen-150x150.jpg\" class=\"lcp_thumbnail wp-post-image\" alt=\"NexGen SFT100 Mass Flow Transmitter\" \/><\/a><div class=\"lcp_excerpt\">El transmisor de flujo m\u00e1sico NexGen SFT 100 interact\u00faa con toda la familia de transductores de flujo m\u00e1sico Neptune.\n<\/div><\/li><li><a href=\"https:\/\/www.redsealmeasurement.com\/es\/mass-flow-transducers\/\">Transductores de Flujo M\u00e1sico<\/a><a href=\"https:\/\/www.redsealmeasurement.com\/es\/mass-flow-transducers\/\" title=\"Transductores de Flujo M\u00e1sico\"><img loading=\"lazy\" decoding=\"async\" width=\"150\" height=\"150\" src=\"https:\/\/www.redsealmeasurement.com\/wp-content\/uploads\/2017\/11\/mass-flow-transducer2-150x150.jpg\" class=\"lcp_thumbnail wp-post-image\" alt=\"Mass Flow Transducers\" srcset=\"https:\/\/www.redsealmeasurement.com\/wp-content\/uploads\/2017\/11\/mass-flow-transducer2-150x150.jpg 150w, https:\/\/www.redsealmeasurement.com\/wp-content\/uploads\/2017\/11\/mass-flow-transducer2.jpg 280w\" sizes=\"(max-width: 150px) 100vw, 150px\" \/><\/a><div class=\"lcp_excerpt\">El transductor de flujo m\u00e1sico proporciona una medici\u00f3n precisa, continua y directa de masa, densidad, temperatura y porcentaje de s\u00f3lidos. Ofrecemos soluciones en una serie de rangos de flujo.\n<\/div><\/li><li><a href=\"https:\/\/www.redsealmeasurement.com\/es\/neptune-rml2000-mass-flowmeter-for-bobtails\/\">Medidor de flujo m\u00e1sico Neptune RML2000 para Bobtails<\/a><a href=\"https:\/\/www.redsealmeasurement.com\/es\/neptune-rml2000-mass-flowmeter-for-bobtails\/\" title=\"Medidor de flujo m\u00e1sico Neptune RML2000 para Bobtails\"><img loading=\"lazy\" decoding=\"async\" width=\"150\" height=\"150\" src=\"https:\/\/www.redsealmeasurement.com\/wp-content\/uploads\/2018\/06\/RML2000-E4000-web-150x150.jpg\" class=\"lcp_thumbnail wp-post-image\" alt=\"Neptune RML2000 Mass Flowmeter for Bobtails\" \/><\/a><div class=\"lcp_excerpt\">El \u00fanico medidor de flujo m\u00e1sico montado en cami\u00f3n con m\u00e1s de quince a\u00f1os de rendimiento comprobado.\n<\/div><\/li><\/ul>","protected":false},"excerpt":{"rendered":"","protected":false},"author":1,"featured_media":0,"parent":8,"menu_order":0,"comment_status":"closed","ping_status":"closed","template":"no-sidebar-page.php","meta":{"footnotes":""},"class_list":["post-66","page","type-page","status-publish","hentry"],"_links":{"self":[{"href":"https:\/\/www.redsealmeasurement.com\/es\/wp-json\/wp\/v2\/pages\/66"}],"collection":[{"href":"https:\/\/www.redsealmeasurement.com\/es\/wp-json\/wp\/v2\/pages"}],"about":[{"href":"https:\/\/www.redsealmeasurement.com\/es\/wp-json\/wp\/v2\/types\/page"}],"author":[{"embeddable":true,"href":"https:\/\/www.redsealmeasurement.com\/es\/wp-json\/wp\/v2\/users\/1"}],"replies":[{"embeddable":true,"href":"https:\/\/www.redsealmeasurement.com\/es\/wp-json\/wp\/v2\/comments?post=66"}],"version-history":[{"count":4,"href":"https:\/\/www.redsealmeasurement.com\/es\/wp-json\/wp\/v2\/pages\/66\/revisions"}],"predecessor-version":[{"id":1275,"href":"https:\/\/www.redsealmeasurement.com\/es\/wp-json\/wp\/v2\/pages\/66\/revisions\/1275"}],"up":[{"embeddable":true,"href":"https:\/\/www.redsealmeasurement.com\/es\/wp-json\/wp\/v2\/pages\/8"}],"wp:attachment":[{"href":"https:\/\/www.redsealmeasurement.com\/es\/wp-json\/wp\/v2\/media?parent=66"}],"curies":[{"name":"wp","href":"https:\/\/api.w.org\/{rel}","templated":true}]}}