{"id":73,"date":"2017-11-13T22:08:22","date_gmt":"2017-11-13T22:08:22","guid":{"rendered":"\/?page_id=73"},"modified":"2021-07-26T19:58:08","modified_gmt":"2021-07-26T19:58:08","slug":"other","status":"publish","type":"page","link":"https:\/\/www.redsealmeasurement.com\/es\/products\/other\/","title":{"rendered":"Registros y Otros"},"content":{"rendered":"<ul class=\"lcp_catlist\" id=\"lcp_instance_0\"><li><a href=\"https:\/\/www.redsealmeasurement.com\/es\/neptune-e6000-electronic-dispenser-register\/\">Neptune E6000 Electronic Dispenser Register<\/a><a href=\"https:\/\/www.redsealmeasurement.com\/es\/neptune-e6000-electronic-dispenser-register\/\" title=\"Neptune E6000 Electronic Dispenser Register\"><img loading=\"lazy\" decoding=\"async\" width=\"150\" height=\"150\" src=\"https:\/\/www.redsealmeasurement.com\/wp-content\/uploads\/2025\/06\/E6000-1-reduced-150x150.png\" class=\"lcp_thumbnail wp-post-image\" alt=\"Neptune E6000 Electronic Dispenser Register\" srcset=\"https:\/\/www.redsealmeasurement.com\/wp-content\/uploads\/2025\/06\/E6000-1-reduced-150x150.png 150w, https:\/\/www.redsealmeasurement.com\/wp-content\/uploads\/2025\/06\/E6000-1-reduced-13x12.png 13w\" sizes=\"(max-width: 150px) 100vw, 150px\" \/><\/a><div class=\"lcp_excerpt\">with Dual Totalizers and Valve Control\nThe E6000 is designed for dispensing LPG into cylinders and\/or vehicles. Both types of delivery are measured by a single unit, which controls valves to allow only the selected dispensing application. Two separate totalizers maintain accurate totals for tax accountability and inventory control. The rugged aluminum enclosure protects the unit ...<\/div><\/li><li><a href=\"https:\/\/www.redsealmeasurement.com\/es\/neptune-e4000-electronic-register\/\">Registro Electr\u00f3nico Neptune E4000<\/a><a href=\"https:\/\/www.redsealmeasurement.com\/es\/neptune-e4000-electronic-register\/\" title=\"Registro Electr\u00f3nico Neptune E4000\"><img loading=\"lazy\" decoding=\"async\" width=\"150\" height=\"150\" src=\"https:\/\/www.redsealmeasurement.com\/wp-content\/uploads\/2018\/06\/E4000-orth-web-150x150.jpg\" class=\"lcp_thumbnail wp-post-image\" alt=\"Neptune E4000 Electronic Register\" \/><\/a><div class=\"lcp_excerpt\">El registro electr\u00f3nico Neptune E4000 automatiza las operaciones de transacci\u00f3n para las entregas de GLP, combustibles destilados y otros l\u00edquidos distribuidos comercialmente a trav\u00e9s de medidores de flujo en camiones de entrega a granel\n<\/div><\/li><li><a href=\"https:\/\/www.redsealmeasurement.com\/es\/neptune-800-series-mechanical-register\/\">Registro Mec\u00e1nico Serie Neptune 800<\/a><a href=\"https:\/\/www.redsealmeasurement.com\/es\/neptune-800-series-mechanical-register\/\" title=\"Registro Mec\u00e1nico Serie Neptune 800\"><img loading=\"lazy\" decoding=\"async\" width=\"150\" height=\"150\" src=\"https:\/\/www.redsealmeasurement.com\/wp-content\/uploads\/2017\/11\/800-preset-noprint-150x150.jpg\" class=\"lcp_thumbnail wp-post-image\" alt=\"Neptune 800 Series Mechanical Register\" \/><\/a><div class=\"lcp_excerpt\">El registro de la serie 800 es el \u00faltimo de cuatro dispositivos multifunci\u00f3n dise\u00f1ados espec\u00edficamente para la distribuci\u00f3n de petr\u00f3leo y las industrias de procesos industriales.\n<\/div><\/li><li><a href=\"https:\/\/www.redsealmeasurement.com\/es\/neptune-600-series-mechanical-register\/\">Registro Mec\u00e1nico Serie Neptune 600<\/a><a href=\"https:\/\/www.redsealmeasurement.com\/es\/neptune-600-series-mechanical-register\/\" title=\"Registro Mec\u00e1nico Serie Neptune 600\"><img loading=\"lazy\" decoding=\"async\" width=\"150\" height=\"150\" src=\"https:\/\/www.redsealmeasurement.com\/wp-content\/uploads\/2017\/11\/neptune-600-register-150x150.jpg\" class=\"lcp_thumbnail wp-post-image\" alt=\"Neptune 600 Series Mechanical Register\" srcset=\"https:\/\/www.redsealmeasurement.com\/wp-content\/uploads\/2017\/11\/neptune-600-register-150x150.jpg 150w, https:\/\/www.redsealmeasurement.com\/wp-content\/uploads\/2017\/11\/neptune-600-register.jpg 200w\" sizes=\"(max-width: 150px) 100vw, 150px\" \/><\/a><div class=\"lcp_excerpt\">El registro de la serie 600 est\u00e1 dise\u00f1ado mec\u00e1nicamente para una f\u00e1cil adaptaci\u00f3n a un sistema de procesamiento por lotes y registro local o remoto.\n<\/div><\/li><li><a href=\"https:\/\/www.redsealmeasurement.com\/es\/model-157-register\/\">Registro Modelo 157<\/a><a href=\"https:\/\/www.redsealmeasurement.com\/es\/model-157-register\/\" title=\"Registro Modelo 157\"><img loading=\"lazy\" decoding=\"async\" width=\"150\" height=\"150\" src=\"https:\/\/www.redsealmeasurement.com\/wp-content\/uploads\/2017\/11\/model-157-register-150x150.jpg\" class=\"lcp_thumbnail wp-post-image\" alt=\"Model 157 Register\" srcset=\"https:\/\/www.redsealmeasurement.com\/wp-content\/uploads\/2017\/11\/model-157-register-150x150.jpg 150w, https:\/\/www.redsealmeasurement.com\/wp-content\/uploads\/2017\/11\/model-157-register.jpg 163w\" sizes=\"(max-width: 150px) 100vw, 150px\" \/><\/a><div class=\"lcp_excerpt\">El registro Modelo 157 es un totalizador no reiniciable que proporciona una lectura acumulativa creciente.\n<\/div><\/li><li><a href=\"https:\/\/www.redsealmeasurement.com\/es\/neptune-pulsmate-electronic-register\/\">Neptune Pulsmate Registro Electr\u00f3nico<\/a><a href=\"https:\/\/www.redsealmeasurement.com\/es\/neptune-pulsmate-electronic-register\/\" title=\"Neptune Pulsmate Registro Electr\u00f3nico\"><img loading=\"lazy\" decoding=\"async\" width=\"150\" height=\"150\" src=\"https:\/\/www.redsealmeasurement.com\/wp-content\/uploads\/2017\/11\/neptune-pulsemate-150x150.jpg\" class=\"lcp_thumbnail wp-post-image\" alt=\"Neptune Pulsmate Electronic Register\" srcset=\"https:\/\/www.redsealmeasurement.com\/wp-content\/uploads\/2017\/11\/neptune-pulsemate-150x150.jpg 150w, https:\/\/www.redsealmeasurement.com\/wp-content\/uploads\/2017\/11\/neptune-pulsemate.jpg 216w\" sizes=\"(max-width: 150px) 100vw, 150px\" \/><\/a><div class=\"lcp_excerpt\">El registro electr\u00f3nico Pulsate de Neptune mejora las capacidades de gesti\u00f3n de flujo de los medidores Tipo MP y tipo S de accionamiento magn\u00e9tico\n<\/div><\/li><li><a href=\"https:\/\/www.redsealmeasurement.com\/es\/auto-stop-switches\/\">Interruptores de Parada Autom\u00e1tica<\/a><a href=\"https:\/\/www.redsealmeasurement.com\/es\/auto-stop-switches\/\" title=\"Interruptores de Parada Autom\u00e1tica\"><img loading=\"lazy\" decoding=\"async\" width=\"150\" height=\"150\" src=\"https:\/\/www.redsealmeasurement.com\/wp-content\/uploads\/2017\/11\/auto-stop-switch-150x150.jpg\" class=\"lcp_thumbnail wp-post-image\" alt=\"Auto-Stop Switches\" srcset=\"https:\/\/www.redsealmeasurement.com\/wp-content\/uploads\/2017\/11\/auto-stop-switch-150x150.jpg 150w, https:\/\/www.redsealmeasurement.com\/wp-content\/uploads\/2017\/11\/auto-stop-switch-300x300.jpg 300w, https:\/\/www.redsealmeasurement.com\/wp-content\/uploads\/2017\/11\/auto-stop-switch.jpg 384w\" sizes=\"(max-width: 150px) 100vw, 150px\" \/><\/a><div class=\"lcp_excerpt\">Los interruptores de parada autom\u00e1tica Modelo 23 de Neptune, utilizados con los registros preestablecidos de la serie 800, ampl\u00edan la funci\u00f3n de parada autom\u00e1tica a los sistemas accionados el\u00e9ctricamente para el accionamiento remoto de v\u00e1lvulas, bombas u otros equipos accesorios.\n<\/div><\/li><li><a href=\"https:\/\/www.redsealmeasurement.com\/es\/neptune-batchmate-1500\/\">Neptune Batchmate 1500<\/a><a href=\"https:\/\/www.redsealmeasurement.com\/es\/neptune-batchmate-1500\/\" title=\"Neptune Batchmate 1500\"><img loading=\"lazy\" decoding=\"async\" width=\"150\" height=\"150\" src=\"https:\/\/www.redsealmeasurement.com\/wp-content\/uploads\/2017\/11\/batchmate-150x150.jpg\" class=\"lcp_thumbnail wp-post-image\" alt=\"Neptune Batchmate 1500\" \/><\/a><div class=\"lcp_excerpt\">El BATCHMATE puede considerarse como dos contadores separados y un medidor de velocidad. El contador \" batching \"cuenta los puntos de ajuste\" pre-warn \"y\" preset \" introducidos por el usuario y permite salidas de control separadas. El contador \"totalizante\" da una lectura acumulativa o total general.\n<\/div><\/li><li><a href=\"https:\/\/www.redsealmeasurement.com\/es\/digital-pulse-transmitters\/\">Transmisores Digitales de Pulso<\/a><a href=\"https:\/\/www.redsealmeasurement.com\/es\/digital-pulse-transmitters\/\" title=\"Transmisores Digitales de Pulso\"><img loading=\"lazy\" decoding=\"async\" width=\"150\" height=\"150\" src=\"https:\/\/www.redsealmeasurement.com\/wp-content\/uploads\/2017\/11\/digital-pulse-transmitter-150x150.jpg\" class=\"lcp_thumbnail wp-post-image\" alt=\"Digital Pulse Transmitters\" srcset=\"https:\/\/www.redsealmeasurement.com\/wp-content\/uploads\/2017\/11\/digital-pulse-transmitter-150x150.jpg 150w, https:\/\/www.redsealmeasurement.com\/wp-content\/uploads\/2017\/11\/digital-pulse-transmitter-300x300.jpg 300w, https:\/\/www.redsealmeasurement.com\/wp-content\/uploads\/2017\/11\/digital-pulse-transmitter.jpg 374w\" sizes=\"(max-width: 150px) 100vw, 150px\" \/><\/a><div class=\"lcp_excerpt\">Los transmisores digitales producen se\u00f1ales que solo existen en uno de dos estados: ENCENDIDO o APAGADO. Estos estados tambi\u00e9n pueden denominarse ALTOS o BAJOS, o 1 o 0 (cero).\n<\/div><\/li><li><a href=\"https:\/\/www.redsealmeasurement.com\/es\/pl-100-lpg-dispenser-pump\/\">Bomba dispensadora de GLP PL 100<\/a><a href=\"https:\/\/www.redsealmeasurement.com\/es\/pl-100-lpg-dispenser-pump\/\" title=\"Bomba dispensadora de GLP PL 100\"><img loading=\"lazy\" decoding=\"async\" width=\"150\" height=\"150\" src=\"https:\/\/www.redsealmeasurement.com\/wp-content\/uploads\/2017\/11\/pl-100-lpg-dispenser-pump-150x150.jpg\" class=\"lcp_thumbnail wp-post-image\" alt=\"PL 100 LPG Dispenser Pump\" srcset=\"https:\/\/www.redsealmeasurement.com\/wp-content\/uploads\/2017\/11\/pl-100-lpg-dispenser-pump-150x150.jpg 150w, https:\/\/www.redsealmeasurement.com\/wp-content\/uploads\/2017\/11\/pl-100-lpg-dispenser-pump-300x300.jpg 300w, https:\/\/www.redsealmeasurement.com\/wp-content\/uploads\/2017\/11\/pl-100-lpg-dispenser-pump.jpg 600w\" sizes=\"(max-width: 150px) 100vw, 150px\" \/><\/a><div class=\"lcp_excerpt\">El PL100 ha sido dise\u00f1ado y fabricado espec\u00edficamente para cumplir con los rigurosos requisitos para bombear l\u00edquidos vol\u00e1tiles como el gas LP.\n<\/div><\/li><li><a href=\"https:\/\/www.redsealmeasurement.com\/es\/pd6830-pulse-input-ratetotalizer\/\">PD6830 Frecuencia de Entrada de Pulso \/ Totalizador<\/a><a href=\"https:\/\/www.redsealmeasurement.com\/es\/pd6830-pulse-input-ratetotalizer\/\" title=\"PD6830 Frecuencia de Entrada de Pulso \/ Totalizador\"><img loading=\"lazy\" decoding=\"async\" width=\"150\" height=\"150\" src=\"https:\/\/www.redsealmeasurement.com\/wp-content\/uploads\/2017\/11\/pd6830-pulse-input-150x150.jpg\" class=\"lcp_thumbnail wp-post-image\" alt=\"PD6830 Pulse Input Rate\/Totalizer\" srcset=\"https:\/\/www.redsealmeasurement.com\/wp-content\/uploads\/2017\/11\/pd6830-pulse-input-150x150.jpg 150w, https:\/\/www.redsealmeasurement.com\/wp-content\/uploads\/2017\/11\/pd6830-pulse-input-300x300.jpg 300w, https:\/\/www.redsealmeasurement.com\/wp-content\/uploads\/2017\/11\/pd6830-pulse-input.jpg 500w\" sizes=\"(max-width: 150px) 100vw, 150px\" \/><\/a><div class=\"lcp_excerpt\">El nuevo totalizador a prueba de explosiones PD6830 ofrece un dise\u00f1o moderno, una f\u00e1cil legibilidad y una funcionalidad mejorada para \u00e1reas peligrosas en todo el mundo de una manera nunca antes vista\n<\/div><\/li><\/ul>","protected":false},"excerpt":{"rendered":"","protected":false},"author":1,"featured_media":0,"parent":8,"menu_order":0,"comment_status":"closed","ping_status":"closed","template":"no-sidebar-page.php","meta":{"footnotes":""},"class_list":["post-73","page","type-page","status-publish","hentry"],"_links":{"self":[{"href":"https:\/\/www.redsealmeasurement.com\/es\/wp-json\/wp\/v2\/pages\/73"}],"collection":[{"href":"https:\/\/www.redsealmeasurement.com\/es\/wp-json\/wp\/v2\/pages"}],"about":[{"href":"https:\/\/www.redsealmeasurement.com\/es\/wp-json\/wp\/v2\/types\/page"}],"author":[{"embeddable":true,"href":"https:\/\/www.redsealmeasurement.com\/es\/wp-json\/wp\/v2\/users\/1"}],"replies":[{"embeddable":true,"href":"https:\/\/www.redsealmeasurement.com\/es\/wp-json\/wp\/v2\/comments?post=73"}],"version-history":[{"count":5,"href":"https:\/\/www.redsealmeasurement.com\/es\/wp-json\/wp\/v2\/pages\/73\/revisions"}],"predecessor-version":[{"id":1566,"href":"https:\/\/www.redsealmeasurement.com\/es\/wp-json\/wp\/v2\/pages\/73\/revisions\/1566"}],"up":[{"embeddable":true,"href":"https:\/\/www.redsealmeasurement.com\/es\/wp-json\/wp\/v2\/pages\/8"}],"wp:attachment":[{"href":"https:\/\/www.redsealmeasurement.com\/es\/wp-json\/wp\/v2\/media?parent=73"}],"curies":[{"name":"wp","href":"https:\/\/api.w.org\/{rel}","templated":true}]}}